{"id":34,"date":"2015-12-02T14:55:02","date_gmt":"2015-12-02T14:55:02","guid":{"rendered":"http:\/\/www.eco10.co.ao\/?page_id=34"},"modified":"2016-01-08T10:59:29","modified_gmt":"2016-01-08T10:59:29","slug":"aplicacoes","status":"publish","type":"page","link":"https:\/\/www.eco10.co.ao\/wordpress\/index.php\/aplicacoes\/","title":{"rendered":"Aplica\u00e7\u00f5es"},"content":{"rendered":"<h3 style=\"text-align: center;\"><a href=\"https:\/\/www.eco10.co.ao\/wordpress\/wp-content\/uploads\/2015\/12\/AplicacoesEmbalagens04-copy-copy.png\" rel=\"attachment wp-att-426\"><img decoding=\"async\" class=\"alignnone wp-image-426 size-full\" src=\"https:\/\/www.eco10.co.ao\/wordpress\/wp-content\/uploads\/2015\/12\/AplicacoesEmbalagens04-copy-copy.png\" alt=\"AplicacoesEmbalagens04 copy copy\" width=\"900\" height=\"297\" srcset=\"https:\/\/www.eco10.co.ao\/wordpress\/wp-content\/uploads\/2015\/12\/AplicacoesEmbalagens04-copy-copy.png 900w, https:\/\/www.eco10.co.ao\/wordpress\/wp-content\/uploads\/2015\/12\/AplicacoesEmbalagens04-copy-copy-600x198.png 600w, https:\/\/www.eco10.co.ao\/wordpress\/wp-content\/uploads\/2015\/12\/AplicacoesEmbalagens04-copy-copy-300x99.png 300w, https:\/\/www.eco10.co.ao\/wordpress\/wp-content\/uploads\/2015\/12\/AplicacoesEmbalagens04-copy-copy-768x253.png 768w\" sizes=\"(max-width: 900px) 100vw, 900px\" \/><\/a><\/h3>\n<h3 style=\"text-align: center;\">\u00c1REAS DE APLICA\u00c7\u00c3O<\/h3>\n<p style=\"text-align: left;\">Desinfec\u00e7\u00e3o de \u00e1gua para consumo \/ Desinfec\u00e7\u00e3o de frutas e vegetais \/ Desinfec\u00e7\u00e3o de superf\u00edcies \/ Hospitais e Consult\u00f3rios m\u00e9dicos \/ Desinfec\u00e7\u00e3o de tanques de piscicultura, pisos, equipamentos e instrumentos pesqueiros \/ \u00c1gua de processo e CIP na ind\u00fastria de alimentos e de bebidas \/ Desinfec\u00e7\u00e3o de \u00e1gua pot\u00e1vel e \u00e1guas residuais municipais \/ Desinfec\u00e7\u00e3o de \u00e1guas residuais industriais.<\/p>\n<p style=\"text-align: center;\"><!--more--><\/p>\n<p>Com ECO10, todos os desafios relacionados com a desinfec\u00e7\u00e3o da \u00e1gua podem ser combatidas por um \u00fanico produto, pois o ECO10 combina fun\u00e7\u00f5es \u00fanicas, tais como biocida, desencrustador, algicida, esporicida, fungicida e inibidor da corros\u00e3o.<\/p>\n<p>E tamb\u00e9m: controle microbiol\u00f3gico de \u00e1guas de arrefecimento e de processos industriais, controle de THM de piscinas e SPAs, destrui\u00e7\u00e3o de sulfito, limpeza de canaliza\u00e7\u00f5es e tanques, remo\u00e7\u00e3o de H2S, controla e reduz a carga biol\u00f3gica de efluentes, oxida\u00e7\u00e3o do fenol e destrui\u00e7\u00e3o do cianeto, anti-entupimento de filtros de osmose inversa, pulveriza\u00e7\u00e3o de carca\u00e7as, desinfec\u00e7\u00e3o de \u00e1gua gelada, etc.<\/p>\n","protected":false},"excerpt":{"rendered":"<p>\u00c1REAS DE APLICA\u00c7\u00c3O Desinfec\u00e7\u00e3o de \u00e1gua para consumo \/ Desinfec\u00e7\u00e3o de frutas e vegetais \/ Desinfec\u00e7\u00e3o de superf\u00edcies \/ Hospitais e Consult\u00f3rios m\u00e9dicos \/ Desinfec\u00e7\u00e3o de tanques de piscicultura, pisos, equipamentos e instrumentos pesqueiros \/ \u00c1gua de processo&#8230; <a class=\"read-more\" href=\"https:\/\/www.eco10.co.ao\/wordpress\/index.php\/aplicacoes\/\">Saiba Mais<\/a><\/p>\n","protected":false},"author":1,"featured_media":317,"parent":0,"menu_order":0,"comment_status":"closed","ping_status":"closed","template":"","meta":{"footnotes":""},"class_list":["post-34","page","type-page","status-publish","has-post-thumbnail","hentry"],"_links":{"self":[{"href":"https:\/\/www.eco10.co.ao\/wordpress\/index.php\/wp-json\/wp\/v2\/pages\/34","targetHints":{"allow":["GET"]}}],"collection":[{"href":"https:\/\/www.eco10.co.ao\/wordpress\/index.php\/wp-json\/wp\/v2\/pages"}],"about":[{"href":"https:\/\/www.eco10.co.ao\/wordpress\/index.php\/wp-json\/wp\/v2\/types\/page"}],"author":[{"embeddable":true,"href":"https:\/\/www.eco10.co.ao\/wordpress\/index.php\/wp-json\/wp\/v2\/users\/1"}],"replies":[{"embeddable":true,"href":"https:\/\/www.eco10.co.ao\/wordpress\/index.php\/wp-json\/wp\/v2\/comments?post=34"}],"version-history":[{"count":0,"href":"https:\/\/www.eco10.co.ao\/wordpress\/index.php\/wp-json\/wp\/v2\/pages\/34\/revisions"}],"wp:featuredmedia":[{"embeddable":true,"href":"https:\/\/www.eco10.co.ao\/wordpress\/index.php\/wp-json\/wp\/v2\/media\/317"}],"wp:attachment":[{"href":"https:\/\/www.eco10.co.ao\/wordpress\/index.php\/wp-json\/wp\/v2\/media?parent=34"}],"curies":[{"name":"wp","href":"https:\/\/api.w.org\/{rel}","templated":true}]}}