{"id":234,"date":"2015-12-11T15:25:46","date_gmt":"2015-12-11T15:25:46","guid":{"rendered":"https:\/\/www.eco10.co.ao\/wordpress\/?page_id=234"},"modified":"2015-12-21T16:39:52","modified_gmt":"2015-12-21T16:39:52","slug":"vantagens-2","status":"publish","type":"page","link":"https:\/\/www.eco10.co.ao\/wordpress\/index.php\/vantagens-2\/","title":{"rendered":"Vantagens"},"content":{"rendered":"<p><a href=\"https:\/\/www.eco10.co.ao\/wordpress\/wp-content\/uploads\/2015\/12\/VantagensMicrobiologicas.jpg\" rel=\"attachment wp-att-125\"><img decoding=\"async\" class=\"wp-image-125 size-large alignnone\" src=\"https:\/\/www.eco10.co.ao\/wordpress\/wp-content\/uploads\/2015\/12\/VantagensMicrobiologicas-1024x353.jpg\" alt=\"VantagensMicrobiologicas\" width=\"640\" height=\"221\" srcset=\"https:\/\/www.eco10.co.ao\/wordpress\/wp-content\/uploads\/2015\/12\/VantagensMicrobiologicas-1024x353.jpg 1024w, https:\/\/www.eco10.co.ao\/wordpress\/wp-content\/uploads\/2015\/12\/VantagensMicrobiologicas-600x207.jpg 600w, https:\/\/www.eco10.co.ao\/wordpress\/wp-content\/uploads\/2015\/12\/VantagensMicrobiologicas-300x103.jpg 300w, https:\/\/www.eco10.co.ao\/wordpress\/wp-content\/uploads\/2015\/12\/VantagensMicrobiologicas-960x331.jpg 960w, https:\/\/www.eco10.co.ao\/wordpress\/wp-content\/uploads\/2015\/12\/VantagensMicrobiologicas.jpg 1631w\" sizes=\"(max-width: 640px) 100vw, 640px\" \/><\/a><\/p>\n<ul>\n<li>Poderoso agente de oxida\u00e7\u00e3o inorg\u00e2nico e radical livre com capacidade de desinfec\u00e7\u00e3o residual;<\/li>\n<li>Eficaz a 99,99% contra todos os microorganismos transmiss\u00edveis pela \u00e1gua (esporos de bact\u00e9rias, v\u00edrus, protozo\u00e1rios, fungos e germes);<\/li>\n<li>Tempo de contacto muito curto (2-10 minutos);<\/li>\n<li>Longa capacidade de desinfec\u00e7\u00e3o residual (at\u00e9 72 horas);<\/li>\n<\/ul>\n<ul>\n<li>Efici\u00eancia elevada na remo\u00e7\u00e3o de compostos de ferro e mangan\u00e9sio;<\/li>\n<li>Destr\u00f3i compostos relacionados com algas que influenciam o sabor e odor da \u00e1gua;<\/li>\n<li>Rendimento mais elevado (at\u00e9 260% mais poder oxidante quando comparado com o cloro);<\/li>\n<li>Remo\u00e7\u00e3o eficaz e profil\u00e1tica do biofilme;<\/li>\n<li>Efic\u00e1cia bactericida constante dentro de uma larga amplitude de pH (pH 4 a pH 11);<\/li>\n<li>Nenhum desenvolvimento de resist\u00eancia por parte dos microorganismos.<\/li>\n<\/ul>\n<p>&nbsp;<\/p>\n<p><a href=\"https:\/\/www.eco10.co.ao\/wordpress\/wp-content\/uploads\/2015\/12\/VantagensSaude.jpg\" rel=\"attachment wp-att-127\"><img decoding=\"async\" class=\"wp-image-127 size-large alignnone\" src=\"https:\/\/www.eco10.co.ao\/wordpress\/wp-content\/uploads\/2015\/12\/VantagensSaude-1024x359.jpg\" alt=\"VantagensSaude\" width=\"640\" height=\"224\" srcset=\"https:\/\/www.eco10.co.ao\/wordpress\/wp-content\/uploads\/2015\/12\/VantagensSaude-1024x359.jpg 1024w, https:\/\/www.eco10.co.ao\/wordpress\/wp-content\/uploads\/2015\/12\/VantagensSaude-600x210.jpg 600w, https:\/\/www.eco10.co.ao\/wordpress\/wp-content\/uploads\/2015\/12\/VantagensSaude-300x105.jpg 300w, https:\/\/www.eco10.co.ao\/wordpress\/wp-content\/uploads\/2015\/12\/VantagensSaude-960x337.jpg 960w, https:\/\/www.eco10.co.ao\/wordpress\/wp-content\/uploads\/2015\/12\/VantagensSaude.jpg 1631w\" sizes=\"(max-width: 640px) 100vw, 640px\" \/><\/a><\/p>\n<ul>\n<li>Na reac\u00e7\u00e3o com a \u00e1gua n\u00e3o forma \u00e1cido hipocloroso (nenhum \u201ccloro livre\u201d);<\/li>\n<li>Ao contr\u00e1rio do cloro, ECO10 n\u00e3o reage com am\u00f3nia, amon\u00edaco ou com a maioria dos compostos org\u00e2nicos;<\/li>\n<li>Forte supress\u00e3o da forma\u00e7\u00e3o de cloritos e cloratos;<\/li>\n<li>Sem impacto negativo no meio ambiente, sem deixar res\u00edduos indesej\u00e1veis;<\/li>\n<li>Um \u00fanico produto que tanto limpa como condiciona a \u00e1gua;<\/li>\n<li>Eficaz contra patog\u00e9nicos transmiss\u00edveis por via a\u00e9rea quando \u201cvaporizado\u201d;<\/li>\n<li>ECO10 n\u00e3o clora materiais org\u00e2nicos;<\/li>\n<li>Diminui THMs, HAAs, MX e outros compostos org\u00e2nicos com propriedades t\u00f3xicas ou cancer\u00edgenas.<\/li>\n<\/ul>\n<p>&nbsp;<\/p>\n<p><a href=\"https:\/\/www.eco10.co.ao\/wordpress\/wp-content\/uploads\/2015\/12\/VantagensEconomicas.jpg\" rel=\"attachment wp-att-126\"><img decoding=\"async\" class=\"wp-image-126 size-large alignnone\" src=\"https:\/\/www.eco10.co.ao\/wordpress\/wp-content\/uploads\/2015\/12\/VantagensEconomicas-1024x353.jpg\" alt=\"VantagensEconomicas\" width=\"640\" height=\"221\" srcset=\"https:\/\/www.eco10.co.ao\/wordpress\/wp-content\/uploads\/2015\/12\/VantagensEconomicas-1024x353.jpg 1024w, https:\/\/www.eco10.co.ao\/wordpress\/wp-content\/uploads\/2015\/12\/VantagensEconomicas-600x207.jpg 600w, https:\/\/www.eco10.co.ao\/wordpress\/wp-content\/uploads\/2015\/12\/VantagensEconomicas-300x103.jpg 300w, https:\/\/www.eco10.co.ao\/wordpress\/wp-content\/uploads\/2015\/12\/VantagensEconomicas-960x331.jpg 960w, https:\/\/www.eco10.co.ao\/wordpress\/wp-content\/uploads\/2015\/12\/VantagensEconomicas.jpg 1631w\" sizes=\"(max-width: 640px) 100vw, 640px\" \/><\/a><\/p>\n<p>&nbsp;<\/p>\n<ul>\n<li>Mais desinfec\u00e7\u00e3o, menos qu\u00edmica;<\/li>\n<li>Nenhum investimento em geradores convencionais de ClO2;<\/li>\n<li>Nenhuma manuten\u00e7\u00e3o ou revalida\u00e7\u00e3o de certificados de geradores de ClO2;<\/li>\n<li>Redu\u00e7\u00e3o das medidas de seguran\u00e7a;<\/li>\n<li>Redu\u00e7\u00e3o dos seguros de risco e responsabilidade civil;<\/li>\n<li>Redu\u00e7\u00e3o de forma\u00e7\u00e3o, certifica\u00e7\u00e3o e revalida\u00e7\u00e3o de certificados de pessoal habilitado;<\/li>\n<li>Factores ambientais, de sa\u00fade e de seguran\u00e7a;<\/li>\n<li>Redu\u00e7\u00e3o nos custos de transporte de materiais perigosos;<\/li>\n<li>N\u00e3o requer produto qu\u00edmico complementar (por exemplo: estabilizadores de pH);<\/li>\n<li>Toler\u00e2ncia material elevada;<\/li>\n<li>Nenhuma corros\u00e3o.<\/li>\n<\/ul>\n<p>&nbsp;<\/p>\n","protected":false},"excerpt":{"rendered":"<p>Poderoso agente de oxida\u00e7\u00e3o inorg\u00e2nico e radical livre com capacidade de desinfec\u00e7\u00e3o residual; Eficaz a 99,99% contra todos os microorganismos transmiss\u00edveis pela \u00e1gua (esporos de bact\u00e9rias, v\u00edrus, protozo\u00e1rios, fungos e germes); Tempo de contacto muito curto (2-10 minutos);&#8230; <a class=\"read-more\" href=\"https:\/\/www.eco10.co.ao\/wordpress\/index.php\/vantagens-2\/\">Saiba Mais<\/a><\/p>\n","protected":false},"author":1,"featured_media":386,"parent":0,"menu_order":0,"comment_status":"closed","ping_status":"closed","template":"","meta":{"footnotes":""},"class_list":["post-234","page","type-page","status-publish","has-post-thumbnail","hentry"],"_links":{"self":[{"href":"https:\/\/www.eco10.co.ao\/wordpress\/index.php\/wp-json\/wp\/v2\/pages\/234","targetHints":{"allow":["GET"]}}],"collection":[{"href":"https:\/\/www.eco10.co.ao\/wordpress\/index.php\/wp-json\/wp\/v2\/pages"}],"about":[{"href":"https:\/\/www.eco10.co.ao\/wordpress\/index.php\/wp-json\/wp\/v2\/types\/page"}],"author":[{"embeddable":true,"href":"https:\/\/www.eco10.co.ao\/wordpress\/index.php\/wp-json\/wp\/v2\/users\/1"}],"replies":[{"embeddable":true,"href":"https:\/\/www.eco10.co.ao\/wordpress\/index.php\/wp-json\/wp\/v2\/comments?post=234"}],"version-history":[{"count":0,"href":"https:\/\/www.eco10.co.ao\/wordpress\/index.php\/wp-json\/wp\/v2\/pages\/234\/revisions"}],"wp:featuredmedia":[{"embeddable":true,"href":"https:\/\/www.eco10.co.ao\/wordpress\/index.php\/wp-json\/wp\/v2\/media\/386"}],"wp:attachment":[{"href":"https:\/\/www.eco10.co.ao\/wordpress\/index.php\/wp-json\/wp\/v2\/media?parent=234"}],"curies":[{"name":"wp","href":"https:\/\/api.w.org\/{rel}","templated":true}]}}